{"id":273,"date":"2024-03-13T20:03:36","date_gmt":"2024-03-13T20:03:36","guid":{"rendered":"https:\/\/forskolanpositivet.se\/?page_id=273"},"modified":"2024-06-05T09:56:25","modified_gmt":"2024-06-05T09:56:25","slug":"vart-kok","status":"publish","type":"page","link":"https:\/\/forskolanpositivet.se\/index.php\/vart-kok\/","title":{"rendered":"V\u00e5rt k\u00f6k"},"content":{"rendered":"\n<p>Vi grundl\u00e4gger en h\u00e4lsosam livsstil och bra matvanor hos barnen genom v\u00e5rt egna k\u00f6k. I k\u00f6ket arbetar v\u00e5r kock som tillreder all mat fr\u00e5n grunden och planerar m\u00e5ltidernas n\u00e4ringsinneh\u00e5ll efter barnens behov.<\/p>\n\n\n\n<p>Maten lagas till st\u00f6rsta del av n\u00e4rodlade och\/eller ekologiska r\u00e5varor och det serveras vegetarisk kost minst en g\u00e5ng\/vecka. Varje dag serveras varierade gr\u00f6nsaker och frukt. Vid matbordet tr\u00e4nar barnen sig att samtala med \u00f6vriga kring bordet, att dela med sig och att inspirera varandra att prova nya smaker.<\/p>\n\n\n\n<div class=\"wp-block-group\"><div class=\"wp-block-group__inner-container is-layout-constrained wp-block-group-is-layout-constrained\">\n<div style=\"height:44px\" aria-hidden=\"true\" class=\"wp-block-spacer\"><\/div>\n<\/div><\/div>\n\n\n\n<figure class=\"wp-block-gallery has-nested-images columns-default is-cropped wp-block-gallery-1 is-layout-flex wp-block-gallery-is-layout-flex\">\n<figure class=\"wp-block-image size-medium\"><img loading=\"lazy\" decoding=\"async\" width=\"450\" height=\"600\" data-id=\"727\" src=\"https:\/\/forskolanpositivet.se\/wp-content\/uploads\/gronsaker-hemsidan-1-450x600.jpg\" alt=\"\" class=\"wp-image-727\" srcset=\"https:\/\/forskolanpositivet.se\/wp-content\/uploads\/gronsaker-hemsidan-1-450x600.jpg 450w, https:\/\/forskolanpositivet.se\/wp-content\/uploads\/gronsaker-hemsidan-1-1050x1400.jpg 1050w, https:\/\/forskolanpositivet.se\/wp-content\/uploads\/gronsaker-hemsidan-1-768x1024.jpg 768w, https:\/\/forskolanpositivet.se\/wp-content\/uploads\/gronsaker-hemsidan-1-1152x1536.jpg 1152w, https:\/\/forskolanpositivet.se\/wp-content\/uploads\/gronsaker-hemsidan-1.jpg 1440w\" sizes=\"auto, (max-width: 450px) 100vw, 450px\" \/><\/figure>\n\n\n\n<figure class=\"wp-block-image size-medium\"><img loading=\"lazy\" decoding=\"async\" width=\"450\" height=\"600\" data-id=\"728\" src=\"https:\/\/forskolanpositivet.se\/wp-content\/uploads\/brod-hemsidan-450x600.jpg\" alt=\"\" class=\"wp-image-728\" srcset=\"https:\/\/forskolanpositivet.se\/wp-content\/uploads\/brod-hemsidan-450x600.jpg 450w, https:\/\/forskolanpositivet.se\/wp-content\/uploads\/brod-hemsidan-1050x1400.jpg 1050w, https:\/\/forskolanpositivet.se\/wp-content\/uploads\/brod-hemsidan-768x1024.jpg 768w, https:\/\/forskolanpositivet.se\/wp-content\/uploads\/brod-hemsidan-1152x1536.jpg 1152w, https:\/\/forskolanpositivet.se\/wp-content\/uploads\/brod-hemsidan.jpg 1440w\" sizes=\"auto, (max-width: 450px) 100vw, 450px\" \/><\/figure>\n<\/figure>\n","protected":false},"excerpt":{"rendered":"<p>Vi grundl\u00e4gger en h\u00e4lsosam livsstil och bra matvanor hos barnen genom v\u00e5rt egna k\u00f6k. I k\u00f6ket arbetar v\u00e5r kock som tillreder all mat fr\u00e5n grunden och planerar m\u00e5ltidernas n\u00e4ringsinneh\u00e5ll efter barnens behov. Maten lagas till st\u00f6rsta del av n\u00e4rodlade och\/eller ekologiska r\u00e5varor och det serveras vegetarisk kost minst en g\u00e5ng\/vecka. Varje dag serveras varierade gr\u00f6nsaker [&hellip;]<\/p>\n","protected":false},"author":1,"featured_media":0,"parent":0,"menu_order":0,"comment_status":"closed","ping_status":"closed","template":"","meta":{"footnotes":""},"categories":[],"class_list":["post-273","page","type-page","status-publish","hentry"],"_links":{"self":[{"href":"https:\/\/forskolanpositivet.se\/index.php\/wp-json\/wp\/v2\/pages\/273","targetHints":{"allow":["GET"]}}],"collection":[{"href":"https:\/\/forskolanpositivet.se\/index.php\/wp-json\/wp\/v2\/pages"}],"about":[{"href":"https:\/\/forskolanpositivet.se\/index.php\/wp-json\/wp\/v2\/types\/page"}],"author":[{"embeddable":true,"href":"https:\/\/forskolanpositivet.se\/index.php\/wp-json\/wp\/v2\/users\/1"}],"replies":[{"embeddable":true,"href":"https:\/\/forskolanpositivet.se\/index.php\/wp-json\/wp\/v2\/comments?post=273"}],"version-history":[{"count":26,"href":"https:\/\/forskolanpositivet.se\/index.php\/wp-json\/wp\/v2\/pages\/273\/revisions"}],"predecessor-version":[{"id":995,"href":"https:\/\/forskolanpositivet.se\/index.php\/wp-json\/wp\/v2\/pages\/273\/revisions\/995"}],"wp:attachment":[{"href":"https:\/\/forskolanpositivet.se\/index.php\/wp-json\/wp\/v2\/media?parent=273"}],"wp:term":[{"taxonomy":"category","embeddable":true,"href":"https:\/\/forskolanpositivet.se\/index.php\/wp-json\/wp\/v2\/categories?post=273"}],"curies":[{"name":"wp","href":"https:\/\/api.w.org\/{rel}","templated":true}]}}